{"id":326216,"date":"2019-11-08T15:46:46","date_gmt":"2019-11-08T14:46:46","guid":{"rendered":"https:\/\/www.albinfo.ch\/pyetesori\/"},"modified":"2019-12-22T23:06:25","modified_gmt":"2019-12-22T22:06:25","slug":"fragebogen","status":"publish","type":"page","link":"https:\/\/www.albinfo.ch\/de\/fragebogen\/","title":{"rendered":"Fragebogen"},"content":{"rendered":"<h1>Fragebogen f\u00fcr Diasporaangeh\u00f6rige, die Kosova besuchen<\/h1>\n<h1>W\u00e4hlen Sie die Sprache<\/h1>\n<h1><a style=\"padding: 10px 20px; float: left; background: #c10526; border-radius: 10px; color: white; margin-right: 30px;\" href=\"https:\/\/forms.office.com\/Pages\/ResponsePage.aspx?id=DQSIkWdsW0yxEjajBLZtrQAAAAAAAAAAAAO__SMoRvtURTgzR1IwSktZVjI2M0JaSDhOMVpXTURZTC4u\" target=\"_blank\" rel=\"noopener\">Albanisch<\/a><a style=\"padding: 10px 20px; float: left; background: #c10526; border-radius: 10px; color: white; margin-right: 30px;\" href=\"https:\/\/forms.office.com\/Pages\/ResponsePage.aspx?id=DQSIkWdsW0yxEjajBLZtrQAAAAAAAAAAAAO__SMoRvtURFNOTUlMU1FQUVlBVVlFM1EzNjNLOFFCTS4u\" target=\"_blank\" rel=\"noopener\">Deutsch<\/a><a style=\"padding: 10px 20px; float: left; background: #c10526; border-radius: 10px; color: white; margin-right: 30px;\" href=\"https:\/\/forms.office.com\/Pages\/ResponsePage.aspx?id=DQSIkWdsW0yxEjajBLZtrQAAAAAAAAAAAAO__SMoRvtUQVpOSVU0Mkw0ME8zTk8wQjhZSFJHTUpSWi4u\" target=\"_blank\" rel=\"noopener\">Fran\u00e7ais<\/a><\/h1>\n<p>&nbsp;<\/p>\n<p>&nbsp;<\/p>\n","protected":false},"excerpt":{"rendered":"<p>Fragebogen f\u00fcr Diasporaangeh\u00f6rige, die Kosova besuchen W\u00e4hlen Sie die Sprache AlbanischDeutschFran\u00e7ais &nbsp; &nbsp;<\/p>\n","protected":false},"author":1,"featured_media":327094,"parent":0,"menu_order":0,"comment_status":"closed","ping_status":"closed","template":"","meta":{"footnotes":""},"class_list":["post-326216","page","type-page","status-publish","has-post-thumbnail","hentry"],"acf":[],"_links":{"self":[{"href":"https:\/\/www.albinfo.ch\/de\/wp-json\/wp\/v2\/pages\/326216","targetHints":{"allow":["GET"]}}],"collection":[{"href":"https:\/\/www.albinfo.ch\/de\/wp-json\/wp\/v2\/pages"}],"about":[{"href":"https:\/\/www.albinfo.ch\/de\/wp-json\/wp\/v2\/types\/page"}],"author":[{"embeddable":true,"href":"https:\/\/www.albinfo.ch\/de\/wp-json\/wp\/v2\/users\/1"}],"replies":[{"embeddable":true,"href":"https:\/\/www.albinfo.ch\/de\/wp-json\/wp\/v2\/comments?post=326216"}],"version-history":[{"count":0,"href":"https:\/\/www.albinfo.ch\/de\/wp-json\/wp\/v2\/pages\/326216\/revisions"}],"wp:featuredmedia":[{"embeddable":true,"href":"https:\/\/www.albinfo.ch\/de\/wp-json\/wp\/v2\/media\/327094"}],"wp:attachment":[{"href":"https:\/\/www.albinfo.ch\/de\/wp-json\/wp\/v2\/media?parent=326216"}],"curies":[{"name":"wp","href":"https:\/\/api.w.org\/{rel}","templated":true}]}}