{"id":202710,"date":"2018-06-08T09:36:53","date_gmt":"2018-06-08T07:36:53","guid":{"rendered":"http:\/\/www.albinfo.ch\/politika-e-privatesise\/"},"modified":"2018-06-22T10:55:01","modified_gmt":"2018-06-22T08:55:01","slug":"politika-e-privatesise","status":"publish","type":"page","link":"https:\/\/www.albinfo.ch\/fr\/politika-e-privatesise\/","title":{"rendered":"Politique de confidentialit\u00e9"},"content":{"rendered":"<h2><b>Objectifs et port\u00e9e de la politique de confidentialit\u00e9<\/b><\/h2>\n<p><span style=\"font-weight: 400;\">Albinfo fournit des services Internet qui facilitent la vie \u00e0 l&#8217;\u00e8re num\u00e9rique. Vous pouvez rechercher ou parcourir diff\u00e9rentes informations, poster des annonces, et r\u00e9aliser des achats ou communiquer par nos services, tout cela nous rend tr\u00e8s fiers et heureux.<\/span><\/p>\n<p><span style=\"font-weight: 400;\">Lorsque vous utilisez nos services, vous partagez des informations avec nous. Votre vie priv\u00e9e est extr\u00eamement importante pour nous. En r\u00e9ponse \u00e0 la nouvelle r\u00e9glementation sur la protection des donn\u00e9es (GDPR), qui entre en vigueur dans l&#8217;Union europ\u00e9enne le 25 mai 2018, nous avons mis \u00e0 jour les Conditions d&#8217;utilisation et Politique de confidentialit\u00e9. Bien que ce r\u00e8glement exige la mise en \u0153uvre uniquement aux citoyens de l\u2019Union europ\u00e9enne, nous avons commenc\u00e9 \u00e0 appliquer ces mises \u00e0 jour au niveau mondial, y compris le Kosovo, l&#8217;Albanie et la Mac\u00e9doine.<\/span><\/p>\n<p><span style=\"font-weight: 400;\">Nous nous engageons \u00e0 respecter et \u00e0 prot\u00e9ger votre vie priv\u00e9e. Quelles que soient vos \u00a0questions en lien avec les politiques de confidentialit\u00e9, s&#8217;il vous pla\u00eet, n\u2019h\u00e9sitez pas \u00e0 nous contacter.<\/span><\/p>\n<p><span style=\"font-weight: 400;\">Ces politiques r\u00e9gissant les mesures et procedur\u00ebs de s\u00e9curit\u00e9 concernant la collecte des donn\u00e9es conform\u00e9ment \u00a0\u00e0 la loi applicable.<\/span><\/p>\n<h2><b>D\u00e9finition des termes<\/b><\/h2>\n<p><span style=\"font-weight: 400;\">Dans le cadre de la Politique de confidentialit\u00e9, le terme \u00a0\u00ab albinfo.ch \u00bb ou \u00ab nous \u00bb signifie albinfo.ch.<\/span><\/p>\n<p><span style=\"font-weight: 400;\">Lorsque est utilis\u00e9 \u00a0le terme \u00ab vous \u00bb signifie, en fonction du contexte des moyens utilis\u00e9s, mais sans s&#8217;y limiter: les utilisateurs, les acheteurs, les entrepreneurs et les clients, ou d&#8217;autres personnes qui utilisent ou profitent \u00a0directement ou indirectement des services albinfo.ch.<\/span><\/p>\n<p><span style=\"font-weight: 400;\">Cette politique s&#8217;applique \u00e0 chaque produit, application, outil, \u00a0site Web ou service (collectivement d\u00e9nomm\u00e9s les \u00ab services \u00bb qui a \u00e9t\u00e9 lanc\u00e9, administr\u00e9 ou poss\u00e9d\u00e9 par Albinfo.ch<\/span><\/p>\n<p><span style=\"font-weight: 400;\">En utilisant ou en utilisant nos services et \/ou en vous \u00a0enregistrant pour cr\u00e9er un nouveau compte, vous reconnaissez et acceptez les termes et conditions de la pr\u00e9sente Politique de confidentialit\u00e9, vous autorisez \u00e9galement albinfo.ch \u00e0 faire la collecte, le traitement, l&#8217;utilisation, le transfert, la divulgation, la conservation et la protection de vos donn\u00e9es personnelles tel que sp\u00e9cifi\u00e9 dans la pr\u00e9sente politique de confidentialit\u00e9 et des lois applicables. Si vous ne nous fournissez pas l\u2019information reclam\u00e9e, nous nous r\u00e9servons le droit de ne pas vous offrir \u00a0nos services.<\/span><\/p>\n<h2><b>Compl\u00e9ments et modifications de la politique de confidentialit\u00e9<\/b><\/h2>\n<p><span style=\"font-weight: 400;\">Nous pouvons compl\u00e9ter et modifier cette Politique de confidentialit\u00e9 \u00e0 tout moment en mettant \u00e0 jour des compl\u00e9ments et des modifications sur notre site Web.<\/span><\/p>\n<p><span style=\"font-weight: 400;\">De plus, si les modifications \u00e0 la politique de confidentialit\u00e9 sont la source essentielle de votre d\u00e9saccord, alors cela \u00a0peut conduire \u00e0 la r\u00e9siliation de la relation contractuelle avec vous.<\/span><\/p>\n<h2><b>Collecte des donn\u00e9es personnelles<\/b><\/h2>\n<p><span style=\"font-weight: 400;\">Nous pouvons recueillir vos donn\u00e9es personnelles et vos informations personnelle (y compris divers dispositifs) lorsque vous:<\/span><\/p>\n<p><span style=\"font-weight: 400;\">Utilisez nos services;<\/span><\/p>\n<p><span style=\"font-weight: 400;\">Vous vous inscrivez pour ouvrir compte chez nous;<\/span><\/p>\n<p><span style=\"font-weight: 400;\">Vous mettez \u00e0 jour ou ajoutez des informations personnelles sur votre compte;<\/span><\/p>\n<p><span style=\"font-weight: 400;\">Coorespondez en lien avec nos services, aisni que dans d&#8217;autres cas comme ils peuvent \u00eatre sp\u00e9cifi\u00e9s dans la pr\u00e9sente Politique de confidentialit\u00e9.<\/span><\/p>\n<p><span style=\"font-weight: 400;\">Les renseignements personnels que nous recueillons peuvent inclure les \u00e9l\u00e9ments suivants:<\/span><\/p>\n<h2><b>Nous collectons les informations personnelles que vous nous fournissez, telles que \u00a0:<\/b><\/h2>\n<p><span style=\"font-weight: 400;\">Les information que vous nous fournisser comm<\/span><\/p>\n<ul>\n<li style=\"font-weight: 400;\"><span style=\"font-weight: 400;\">l&#8217;identification des informations telles que le nom et le pr\u00e9nom, adresse, num\u00e9ro de t\u00e9l\u00e9phone, mot de passe ou l&#8217;adresse e-mail lorsque vous vous inscrivez pour un compte avec nous.<\/span><\/li>\n<li style=\"font-weight: 400;\"><span style=\"font-weight: 400;\">tout autre contenu que vous g\u00e9n\u00e9rez ou qui est associ\u00e9 \u00e0 votre compte (comme l&#8217;ajout d&#8217;un article au panier).<\/span><\/li>\n<li style=\"font-weight: 400;\"><span style=\"font-weight: 400;\">les informations de l\u2019adresse d&#8217;exp\u00e9dition ou de facturation et d&#8217;autres informations que vous utilisez pour acheter un produit ou un service.<\/span><\/li>\n<li style=\"font-weight: 400;\"><span style=\"font-weight: 400;\">Dans certains cas, lorsque vous utilisez nos services, vous pouvez fournir des renseignements personnels tels que l&#8217;\u00e2ge, le sexe, les int\u00e9r\u00eats, l&#8217;exp\u00e9rience, l&#8217;\u00e9ducation et vos pr\u00e9f\u00e9rences.<\/span><\/li>\n<li style=\"font-weight: 400;\"><span style=\"font-weight: 400;\">Des renseignements suppl\u00e9mentaires sont requis ou autoris\u00e9s par les lois applicables au traitement et \u00e0 l&#8217;identification de l&#8217;ordre et la v\u00e9rification des informations que nous avons recueillies aupr\u00e8s de vous.<\/span><\/li>\n<li style=\"font-weight: 400;\"><\/li>\n<\/ul>\n<h2><b>Les donn\u00e9es en utilisant des cookies<\/b><\/h2>\n<p><span style=\"font-weight: 400;\">Le mot <\/span><b>cookie<\/b><span style=\"font-weight: 400;\"> d\u00e9signe un fichier standard qui est plac\u00e9 sur votre ordinateur ou appareil. Nous pouvons utiliser des cookies ou des technologies similaires pour collecter des informations sur les pages que vous consultez, les liens que vous cliquez et d&#8217;autres actions que vous effectuez sur nos services dans notre publicit\u00e9 ou le contenu de notre e-mail afin de fournir des services le plus pertinents possible. Bien que la plupart des navigateurs Web acceptent automatiquement les cookies, les cookies offrent \u00e9galement des possibilit\u00e9s d&#8217;admission, d\u2019annonce ou de refus au moment o\u00f9 l\u2019on tente de les placer dans l&#8217;ordinateur ou sur leur p\u00e9riph\u00e9rique. Cependant, une partie de nos services peuvent ne pas fonctionner correctement si vous refusez les cookies. Lorsque votre navigateur Web vous permet de d\u00e9finir des cookies, nous utilisons \u00e9galement des cookies pour la maintenance des sessions et des cookies en cours afin de mieux comprendre comment interagir avec nos services, comme la s\u00e9curit\u00e9 du compte, la personnalisation du contenu nous vous fournissant en incluant notamment la publicit\u00e9 ou le maintien de vos pr\u00e9f\u00e9rences.<\/span><\/p>\n<h2><b>Donn\u00e9es provenant d&#8217;autres sources<\/b><\/h2>\n<p><span style=\"font-weight: 400;\">Nous pouvons compl\u00e9ter les informations personnelles que nous collectons avec des informations tierces et les ajouter aux informations de votre compte. Par exemple, nous pouvons recueillir et utiliser des informations d\u00e9mographiques accessibles au public, comme le permettent les lois applicables.<\/span><\/p>\n<p><span style=\"font-weight: 400;\">Personnalisation \u00e0 travers diff\u00e9rents appareils. Lorsque vous acc\u00e9dez \u00e0 albinfo.ch \u00e0 partir du navigateur ou de l&#8217;appareil, nous associons le navigateur avec ce navigateur ou appareil \u00e0 votre compte \u00e0 des fins d&#8217;authentification, de s\u00e9curit\u00e9 et de personnalisation. Par exemple, si vous visitez une page sportive sur votre ordinateur portable, nous pouvons vous montrer des publicit\u00e9s li\u00e9es au sport sur votre appareil mobile.<\/span><\/p>\n<h2><b>L&#8217;information que nous partageons et divulguons<\/b><\/h2>\n<p><span style=\"font-weight: 400;\">Nous ne vendons pas vos donn\u00e9es.<\/span><\/p>\n<h2><b>Fournisseurs de services<\/b><\/h2>\n<p><span style=\"font-weight: 400;\">Nous utilisons des fournisseurs de services pour ex\u00e9cuter des fonctions et fournir des services dans les lieux o\u00f9 nous op\u00e9rons. Par exemple, nous utilisons divers services tiers qui nous aident \u00e0 exploiter nos services, tels que l&#8217;h\u00e9bergement de nos serveurs ou applications, ou nous aident \u00e0 comprendre l&#8217;utilisation de nos services, tels que Google Analytics.<\/span><\/p>\n<h2><b>Droit et int\u00e9r\u00eat public<\/b><\/h2>\n<p><span style=\"font-weight: 400;\">En ne contenant rien qui soit contraire \u00e0 cette politique de confidentialit\u00e9 ou aux contr\u00f4les que nous pouvons vous offrir, nous conservons, utilisons ou divulguons vos donn\u00e9es personnelles si nous pensons qu&#8217;elles sont raisonnablement n\u00e9cessaires pour \u00eatre en conformit\u00e9 avec \u00a0la loi, les processus r\u00e9glementaires ou les demandes gouvernementales; pour prot\u00e9ger la s\u00e9curit\u00e9 de toute personne, pour prot\u00e9ger la s\u00e9curit\u00e9 et l&#8217;int\u00e9grit\u00e9 de notre plateforme, y compris pour emp\u00eacher le spam, les abus ou les actions non autoris\u00e9es dans nos services, ou pour expliquer pourquoi nous avons supprim\u00e9 le contenu du compte des services notre; pour lutter contre la fraude, les probl\u00e8mes de s\u00e9curit\u00e9 ou les probl\u00e8mes techniques; ou pour prot\u00e9ger nos droits ou la propri\u00e9t\u00e9 de ceux qui utilisent nos services. Cependant, rien dans cette politique de confidentialit\u00e9 n&#8217;a pour but de vous limiter \u00e0 la protection juridique ou \u00e0 l&#8217;objection que vous pourriez avoir contre des tiers, y compris les demandes gouvernementales de divulgation de donn\u00e9es personnelles.<\/span><\/p>\n<h2><b>Changement de propri\u00e9t\u00e9<\/b><\/h2>\n<p><span style=\"font-weight: 400;\">En cas de fusion, disparition, d&#8217;achat ou de vente de ou vers une autre soci\u00e9t\u00e9, nous pouvons partager vos informations personnelles avec la nouvelle entit\u00e9, conform\u00e9ment \u00e0 nos normes \u00e9nonc\u00e9es dans la pr\u00e9sente Politique de confidentialit\u00e9. Si une telle chose se produit, nous exigerons que la nouvelle entit\u00e9 combin\u00e9e applique strictement cette politique de confidentialit\u00e9 en ce qui concerne vos informations personnelles.<\/span><\/p>\n<h2><b>Suggestions et plaintes<\/b><\/h2>\n<p><span style=\"font-weight: 400;\">Si vous avez des questions, des suggestions ou des r\u00e9clamations concernant cette politique de confidentialit\u00e9, ou concernant votre vie priv\u00e9e et votre protection des donn\u00e9es personnelles, vous pouvez nous contacter par e-mail <\/span><a href=\"mailto:info@albinfo.ch\"><span style=\"font-weight: 400;\">info@albinfo.ch<\/span><\/a><span style=\"font-weight: 400;\">.<\/span><\/p>\n<h2><b>Les enfants et nos services<\/b><\/h2>\n<p><span style=\"font-weight: 400;\">Nos services ne s\u2019adressent pas aux enfants de moins de 13 ans, et vous ne pouvez pas utiliser nos services si vous avez 13 ans. Pour certains services, vous devez avoir plus de 16 ans.<\/span><\/p>\n<h2><b>Modifications de cette politique de confidentialit\u00e9<\/b><\/h2>\n<p><span style=\"font-weight: 400;\">Nous pouvons r\u00e9viser de temps en temps cette politique de confidentialit\u00e9. La version la plus r\u00e9cente personnalise le traitement de vos informations personnelles et sera toujours disponible sur <\/span><span style=\"font-weight: 400;\">http:\/\/www.albinfo.ch\/courses-and-use\/<\/span><span style=\"font-weight: 400;\">. Si nous apportons des changements \u00e0 cette politique, qui selon notre \u00e9valuation est pesante, nous vous le ferons savoir via notre site facebook ou email. Ce qui est utilis\u00e9 pour la notification est officiel. En continuant ou en utilisant les services apr\u00e8s l&#8217;entr\u00e9e en vigueur de ces changements, vous acceptez les mises \u00e0 jour.<\/span><\/p>\n","protected":false},"excerpt":{"rendered":"<p>Objectifs et port\u00e9e de la politique de confidentialit\u00e9 Albinfo fournit des services Internet qui facilitent la vie \u00e0 l&#8217;\u00e8re num\u00e9rique. Vous pouvez rechercher ou parcourir diff\u00e9rentes informations, poster des annonces, et r\u00e9aliser des achats ou communiquer par nos services, tout cela nous rend tr\u00e8s fiers et heureux. Lorsque vous utilisez nos services, vous partagez des [&hellip;]<\/p>\n","protected":false},"author":1,"featured_media":0,"parent":0,"menu_order":0,"comment_status":"closed","ping_status":"closed","template":"","meta":{"footnotes":""},"class_list":["post-202710","page","type-page","status-publish","hentry"],"acf":[],"_links":{"self":[{"href":"https:\/\/www.albinfo.ch\/fr\/wp-json\/wp\/v2\/pages\/202710","targetHints":{"allow":["GET"]}}],"collection":[{"href":"https:\/\/www.albinfo.ch\/fr\/wp-json\/wp\/v2\/pages"}],"about":[{"href":"https:\/\/www.albinfo.ch\/fr\/wp-json\/wp\/v2\/types\/page"}],"author":[{"embeddable":true,"href":"https:\/\/www.albinfo.ch\/fr\/wp-json\/wp\/v2\/users\/1"}],"replies":[{"embeddable":true,"href":"https:\/\/www.albinfo.ch\/fr\/wp-json\/wp\/v2\/comments?post=202710"}],"version-history":[{"count":0,"href":"https:\/\/www.albinfo.ch\/fr\/wp-json\/wp\/v2\/pages\/202710\/revisions"}],"wp:attachment":[{"href":"https:\/\/www.albinfo.ch\/fr\/wp-json\/wp\/v2\/media?parent=202710"}],"curies":[{"name":"wp","href":"https:\/\/api.w.org\/{rel}","templated":true}]}}