{"id":324037,"date":"2019-10-31T15:39:21","date_gmt":"2019-10-31T14:39:21","guid":{"rendered":"https:\/\/www.albinfo.ch\/kontakt\/"},"modified":"2026-04-25T16:39:47","modified_gmt":"2026-04-25T14:39:47","slug":"contact","status":"publish","type":"page","link":"https:\/\/www.albinfo.ch\/fr\/contact\/","title":{"rendered":"KONTAKTI \/ KONTAKT \/ CONTACT"},"content":{"rendered":"<p><strong>albinfo.ch<br \/>\nPostfach 311<br \/>\n8050 Z\u00fcrich<\/strong><\/p>\n<p><strong>\ud83d\udce7 E-mail (Redaksia): redaksia@albinfo.ch<br \/>\n<\/strong><strong>\ud83d\udce7 E-mail (Info): info@albinfo.ch<\/strong><\/p>\n<p>&nbsp;<\/p>\n<p><strong>MARKETING &amp; ABONIME<\/strong><\/p>\n<p><strong>Zyra e Marketingut (Online \u00b7 Print \u00b7 Video)<br \/>\n<\/strong><strong>\ud83d\udcde +41 78 935 00 71<br \/>\n<\/strong><strong>\ud83d\udce7 marketing@albinfo.ch<\/strong><\/p>\n<p><strong>\u00a0Albinfo.ch \u00ebsht\u00eb e abonuar p\u00ebr fotografi: KEYSTONE-SDA-ATS<\/strong><\/p>\n<p><strong>Albinfo.ch dispose d\u2019un abonnement pour l\u2019utilisation de photographies de KEYSTONE-SDA-ATS.<\/strong><\/p>\n<p><strong>Albinfo.ch verf\u00fcgt \u00fcber ein Abonnement f\u00fcr die Nutzung von Fotografien von KEYSTONE-SDA-ATS.<\/strong><\/p>\n<p><strong>\u00a0<\/strong><\/p>\n<p><strong>\u00a0<\/strong><\/p>\n<p><strong>REVISTA\/MAGAZINA\/REVUES: albinfo.ch<\/strong><\/p>\n<p><strong>\ud83d\udce7<\/strong><strong> revista@albinfo.ch<br \/>\n<\/strong><strong>\ud83d\udd17<\/strong><strong> Abonimi: <\/strong><a href=\"https:\/\/shop.albinfo.ch\/\"><strong>https:\/\/shop.albinfo.ch\/<\/strong><\/a><\/p>\n<p><strong>\u00a0<\/strong><\/p>\n<p><strong>\u00a0<\/strong><\/p>\n","protected":false},"excerpt":{"rendered":"<p>albinfo.ch Postfach 311 8050 Z\u00fcrich \ud83d\udce7 E-mail (Redaksia): redaksia@albinfo.ch \ud83d\udce7 E-mail (Info): info@albinfo.ch &nbsp; MARKETING &amp; ABONIME Zyra e Marketingut (Online \u00b7 Print \u00b7 Video) \ud83d\udcde +41 78 935 00 71 \ud83d\udce7 marketing@albinfo.ch \u00a0Albinfo.ch \u00ebsht\u00eb e abonuar p\u00ebr fotografi: KEYSTONE-SDA-ATS Albinfo.ch dispose d\u2019un abonnement pour l\u2019utilisation de photographies de KEYSTONE-SDA-ATS. Albinfo.ch verf\u00fcgt \u00fcber ein Abonnement [&hellip;]<\/p>\n","protected":false},"author":1,"featured_media":0,"parent":0,"menu_order":0,"comment_status":"closed","ping_status":"closed","template":"","meta":{"footnotes":""},"class_list":["post-324037","page","type-page","status-publish","hentry"],"acf":[],"_links":{"self":[{"href":"https:\/\/www.albinfo.ch\/fr\/wp-json\/wp\/v2\/pages\/324037","targetHints":{"allow":["GET"]}}],"collection":[{"href":"https:\/\/www.albinfo.ch\/fr\/wp-json\/wp\/v2\/pages"}],"about":[{"href":"https:\/\/www.albinfo.ch\/fr\/wp-json\/wp\/v2\/types\/page"}],"author":[{"embeddable":true,"href":"https:\/\/www.albinfo.ch\/fr\/wp-json\/wp\/v2\/users\/1"}],"replies":[{"embeddable":true,"href":"https:\/\/www.albinfo.ch\/fr\/wp-json\/wp\/v2\/comments?post=324037"}],"version-history":[{"count":3,"href":"https:\/\/www.albinfo.ch\/fr\/wp-json\/wp\/v2\/pages\/324037\/revisions"}],"predecessor-version":[{"id":918344,"href":"https:\/\/www.albinfo.ch\/fr\/wp-json\/wp\/v2\/pages\/324037\/revisions\/918344"}],"wp:attachment":[{"href":"https:\/\/www.albinfo.ch\/fr\/wp-json\/wp\/v2\/media?parent=324037"}],"curies":[{"name":"wp","href":"https:\/\/api.w.org\/{rel}","templated":true}]}}